{"id":490,"date":"2024-07-31T11:34:33","date_gmt":"2024-07-31T11:34:33","guid":{"rendered":"https:\/\/mindgetter.com\/?page_id=490"},"modified":"2024-10-09T10:06:35","modified_gmt":"2024-10-09T10:06:35","slug":"mental-coaching-sportivi","status":"publish","type":"page","link":"https:\/\/mindgetter.com\/en\/mental-coaching-sportivi\/","title":{"rendered":"Mental coaching athletes"},"content":{"rendered":"","protected":false},"excerpt":{"rendered":"","protected":false},"author":1,"featured_media":0,"parent":0,"menu_order":0,"comment_status":"closed","ping_status":"closed","template":"","meta":{"_seopress_robots_primary_cat":"","_seopress_titles_title":"Mental Coaching Sportivi | Mindgetter","_seopress_titles_desc":"\u00cembun\u0103t\u0103\u021be\u0219te-\u021bi performan\u021bele sportive cu ajutorul mental coaching-ului. Descoper\u0103 tehnici de antrenament mental dedicate sportivilor pentru a-\u021bi dezvolta rezilien\u021ba, concentrarea \u0219i motiva\u021bia \u00een competi\u021bii \u0219i antrenamente.","_seopress_robots_index":"","footnotes":""},"class_list":["post-490","page","type-page","status-publish","hentry"],"_links":{"self":[{"href":"https:\/\/mindgetter.com\/en\/wp-json\/wp\/v2\/pages\/490","targetHints":{"allow":["GET"]}}],"collection":[{"href":"https:\/\/mindgetter.com\/en\/wp-json\/wp\/v2\/pages"}],"about":[{"href":"https:\/\/mindgetter.com\/en\/wp-json\/wp\/v2\/types\/page"}],"author":[{"embeddable":true,"href":"https:\/\/mindgetter.com\/en\/wp-json\/wp\/v2\/users\/1"}],"replies":[{"embeddable":true,"href":"https:\/\/mindgetter.com\/en\/wp-json\/wp\/v2\/comments?post=490"}],"version-history":[{"count":0,"href":"https:\/\/mindgetter.com\/en\/wp-json\/wp\/v2\/pages\/490\/revisions"}],"wp:attachment":[{"href":"https:\/\/mindgetter.com\/en\/wp-json\/wp\/v2\/media?parent=490"}],"curies":[{"name":"wp","href":"https:\/\/api.w.org\/{rel}","templated":true}]}}