{"id":7,"date":"2022-04-08T09:52:49","date_gmt":"2022-04-08T09:52:49","guid":{"rendered":"https:\/\/mindgetter.com\/?page_id=7"},"modified":"2025-02-10T11:58:08","modified_gmt":"2025-02-10T11:58:08","slug":"home","status":"publish","type":"page","link":"https:\/\/mindgetter.com\/en\/","title":{"rendered":"Mind Getter Coaching"},"content":{"rendered":"","protected":false},"excerpt":{"rendered":"","protected":false},"author":1,"featured_media":0,"parent":0,"menu_order":0,"comment_status":"open","ping_status":"closed","template":"","meta":{"_seopress_robots_primary_cat":"","_seopress_titles_title":"Mind Getter Coaching","_seopress_titles_desc":"Mindgetter te ajut\u0103 s\u0103 \u00ee\u021bi atingi poten\u021bialul prin resurse, coaching \u0219i ghiduri personalizate. Exploreaz\u0103 metode inovative pentru a-\u021bi dezvolta abilit\u0103\u021bile, a dep\u0103\u0219i obstacolele \u0219i a-\u021bi \u00eendeplini obiectivele personale \u0219i profesionale.","_seopress_robots_index":"","footnotes":""},"class_list":["post-7","page","type-page","status-publish","hentry"],"_links":{"self":[{"href":"https:\/\/mindgetter.com\/en\/wp-json\/wp\/v2\/pages\/7","targetHints":{"allow":["GET"]}}],"collection":[{"href":"https:\/\/mindgetter.com\/en\/wp-json\/wp\/v2\/pages"}],"about":[{"href":"https:\/\/mindgetter.com\/en\/wp-json\/wp\/v2\/types\/page"}],"author":[{"embeddable":true,"href":"https:\/\/mindgetter.com\/en\/wp-json\/wp\/v2\/users\/1"}],"replies":[{"embeddable":true,"href":"https:\/\/mindgetter.com\/en\/wp-json\/wp\/v2\/comments?post=7"}],"version-history":[{"count":1,"href":"https:\/\/mindgetter.com\/en\/wp-json\/wp\/v2\/pages\/7\/revisions"}],"predecessor-version":[{"id":766,"href":"https:\/\/mindgetter.com\/en\/wp-json\/wp\/v2\/pages\/7\/revisions\/766"}],"wp:attachment":[{"href":"https:\/\/mindgetter.com\/en\/wp-json\/wp\/v2\/media?parent=7"}],"curies":[{"name":"wp","href":"https:\/\/api.w.org\/{rel}","templated":true}]}}