{"id":83,"date":"2024-07-26T07:12:43","date_gmt":"2024-07-26T07:12:43","guid":{"rendered":"https:\/\/mindgetter.com\/?page_id=83"},"modified":"2024-10-03T11:00:12","modified_gmt":"2024-10-03T11:00:12","slug":"blog","status":"publish","type":"page","link":"https:\/\/mindgetter.com\/en\/blog\/","title":{"rendered":"Blog"},"content":{"rendered":"","protected":false},"excerpt":{"rendered":"","protected":false},"author":1,"featured_media":0,"parent":0,"menu_order":0,"comment_status":"closed","ping_status":"closed","template":"","meta":{"_seopress_robots_primary_cat":"","_seopress_titles_title":"Blog Mindgetter","_seopress_titles_desc":"Descoper\u0103 articole utile despre dezvoltare personal\u0103 pe blogul Mindgetter. Exploreaz\u0103 resurse valoroase \u0219i sfaturi practice pentru a-\u021bi atinge obiectivele profesionale \u0219i personale","_seopress_robots_index":"","footnotes":""},"class_list":["post-83","page","type-page","status-publish","hentry"],"_links":{"self":[{"href":"https:\/\/mindgetter.com\/en\/wp-json\/wp\/v2\/pages\/83","targetHints":{"allow":["GET"]}}],"collection":[{"href":"https:\/\/mindgetter.com\/en\/wp-json\/wp\/v2\/pages"}],"about":[{"href":"https:\/\/mindgetter.com\/en\/wp-json\/wp\/v2\/types\/page"}],"author":[{"embeddable":true,"href":"https:\/\/mindgetter.com\/en\/wp-json\/wp\/v2\/users\/1"}],"replies":[{"embeddable":true,"href":"https:\/\/mindgetter.com\/en\/wp-json\/wp\/v2\/comments?post=83"}],"version-history":[{"count":0,"href":"https:\/\/mindgetter.com\/en\/wp-json\/wp\/v2\/pages\/83\/revisions"}],"wp:attachment":[{"href":"https:\/\/mindgetter.com\/en\/wp-json\/wp\/v2\/media?parent=83"}],"curies":[{"name":"wp","href":"https:\/\/api.w.org\/{rel}","templated":true}]}}